{"id":251,"date":"2024-03-21T11:08:24","date_gmt":"2024-03-21T10:08:24","guid":{"rendered":"https:\/\/www.deutsch-sprechen.com\/?page_id=251"},"modified":"2024-08-09T11:00:04","modified_gmt":"2024-08-09T09:00:04","slug":"spiritual-life-coaching","status":"publish","type":"page","link":"https:\/\/www.sunny-day-life.com\/it\/spiritual-life-coaching\/","title":{"rendered":"Spiritual Life Coaching"},"content":{"rendered":"<div data-elementor-type=\"wp-page\" data-elementor-id=\"251\" class=\"elementor elementor-251\">\n\t\t\t\t\t\t\t\t\t<section class=\"elementor-section elementor-top-section elementor-element elementor-element-8f4ea7c elementor-section-boxed elementor-section-height-default elementor-section-height-default\" data-id=\"8f4ea7c\" data-element_type=\"section\">\n\t\t\t\t\t\t<div class=\"elementor-container elementor-column-gap-default\">\n\t\t\t\t\t<div class=\"elementor-column elementor-col-100 elementor-top-column elementor-element elementor-element-23ec033\" data-id=\"23ec033\" data-element_type=\"column\">\n\t\t\t<div class=\"elementor-widget-wrap elementor-element-populated\">\n\t\t\t\t\t\t\t\t<div class=\"elementor-element elementor-element-c1615fb elementor-widget elementor-widget-image\" data-id=\"c1615fb\" data-element_type=\"widget\" data-widget_type=\"image.default\">\n\t\t\t\t<div class=\"elementor-widget-container\">\n\t\t\t<style>\/*! elementor - v3.7.7 - 20-09-2022 *\/\n.elementor-widget-image{text-align:center}.elementor-widget-image a{display:inline-block}.elementor-widget-image a img[src$=\".svg\"]{width:48px}.elementor-widget-image img{vertical-align:middle;display:inline-block}<\/style>\t\t\t\t\t\t\t\t\t\t\t\t<img loading=\"lazy\" decoding=\"async\" width=\"800\" height=\"400\" src=\"https:\/\/www.sunny-day-life.com\/wp-content\/uploads\/2024\/03\/earth-1756274_1280-1024x512.jpg\" class=\"attachment-large size-large\" alt=\"\" srcset=\"https:\/\/www.sunny-day-life.com\/wp-content\/uploads\/2024\/03\/earth-1756274_1280-1024x512.jpg 1024w, https:\/\/www.sunny-day-life.com\/wp-content\/uploads\/2024\/03\/earth-1756274_1280-300x150.jpg 300w, https:\/\/www.sunny-day-life.com\/wp-content\/uploads\/2024\/03\/earth-1756274_1280-768x384.jpg 768w, https:\/\/www.sunny-day-life.com\/wp-content\/uploads\/2024\/03\/earth-1756274_1280-18x9.jpg 18w, https:\/\/www.sunny-day-life.com\/wp-content\/uploads\/2024\/03\/earth-1756274_1280-600x300.jpg 600w, https:\/\/www.sunny-day-life.com\/wp-content\/uploads\/2024\/03\/earth-1756274_1280.jpg 1280w\" sizes=\"auto, (max-width: 800px) 100vw, 800px\" \/>\t\t\t\t\t\t\t\t\t\t\t\t\t\t\t<\/div>\n\t\t\t\t<\/div>\n\t\t\t\t\t<\/div>\n\t\t<\/div>\n\t\t\t\t\t\t\t<\/div>\n\t\t<\/section>\n\t\t\t\t<section class=\"elementor-section elementor-top-section elementor-element elementor-element-a853dad elementor-section-boxed elementor-section-height-default elementor-section-height-default\" data-id=\"a853dad\" data-element_type=\"section\">\n\t\t\t\t\t\t<div class=\"elementor-container elementor-column-gap-default\">\n\t\t\t\t\t<div class=\"elementor-column elementor-col-100 elementor-top-column elementor-element elementor-element-4e17b88\" data-id=\"4e17b88\" data-element_type=\"column\">\n\t\t\t<div class=\"elementor-widget-wrap elementor-element-populated\">\n\t\t\t\t\t\t\t\t<div class=\"elementor-element elementor-element-2ce4f82 elementor-widget elementor-widget-spacer\" data-id=\"2ce4f82\" data-element_type=\"widget\" data-widget_type=\"spacer.default\">\n\t\t\t\t<div class=\"elementor-widget-container\">\n\t\t\t<style>\/*! elementor - v3.7.7 - 20-09-2022 *\/\n.elementor-column .elementor-spacer-inner{height:var(--spacer-size)}.e-container{--container-widget-width:100%}.e-container>.elementor-widget-spacer{width:var(--container-widget-width,var(--spacer-size));-ms-flex-item-align:stretch;align-self:stretch;-ms-flex-negative:0;flex-shrink:0}.e-container>.elementor-widget-spacer>.elementor-widget-container,.e-container>.elementor-widget-spacer>.elementor-widget-container>.elementor-spacer{height:100%}.e-container>.elementor-widget-spacer>.elementor-widget-container>.elementor-spacer>.elementor-spacer-inner{height:var(--container-widget-height,var(--spacer-size))}<\/style>\t\t<div class=\"elementor-spacer\">\n\t\t\t<div class=\"elementor-spacer-inner\"><\/div>\n\t\t<\/div>\n\t\t\t\t<\/div>\n\t\t\t\t<\/div>\n\t\t\t\t\t<\/div>\n\t\t<\/div>\n\t\t\t\t\t\t\t<\/div>\n\t\t<\/section>\n\t\t\t\t<section class=\"elementor-section elementor-top-section elementor-element elementor-element-a18c771 elementor-section-boxed elementor-section-height-default elementor-section-height-default\" data-id=\"a18c771\" data-element_type=\"section\">\n\t\t\t\t\t\t<div class=\"elementor-container elementor-column-gap-default\">\n\t\t\t\t\t<div class=\"elementor-column elementor-col-100 elementor-top-column elementor-element elementor-element-d6986f9\" data-id=\"d6986f9\" data-element_type=\"column\">\n\t\t\t<div class=\"elementor-widget-wrap elementor-element-populated\">\n\t\t\t\t\t\t\t\t<div class=\"elementor-element elementor-element-baba0c8 elementor-widget elementor-widget-text-editor\" data-id=\"baba0c8\" data-element_type=\"widget\" data-widget_type=\"text-editor.default\">\n\t\t\t\t<div class=\"elementor-widget-container\">\n\t\t\t<style>\/*! elementor - v3.7.7 - 20-09-2022 *\/\n.elementor-widget-text-editor.elementor-drop-cap-view-stacked .elementor-drop-cap{background-color:#818a91;color:#fff}.elementor-widget-text-editor.elementor-drop-cap-view-framed .elementor-drop-cap{color:#818a91;border:3px solid;background-color:transparent}.elementor-widget-text-editor:not(.elementor-drop-cap-view-default) .elementor-drop-cap{margin-top:8px}.elementor-widget-text-editor:not(.elementor-drop-cap-view-default) .elementor-drop-cap-letter{width:1em;height:1em}.elementor-widget-text-editor .elementor-drop-cap{float:left;text-align:center;line-height:1;font-size:50px}.elementor-widget-text-editor .elementor-drop-cap-letter{display:inline-block}<\/style>\t\t\t\t<p style=\"text-align: center;\"><span style=\"text-decoration: underline;\">SPIRITUALIT\u00c0 MODERNA\u00a0<\/span><\/p>\t\t\t\t\t\t<\/div>\n\t\t\t\t<\/div>\n\t\t\t\t\t<\/div>\n\t\t<\/div>\n\t\t\t\t\t\t\t<\/div>\n\t\t<\/section>\n\t\t\t\t<section class=\"elementor-section elementor-top-section elementor-element elementor-element-075b5a4 elementor-section-boxed elementor-section-height-default elementor-section-height-default\" data-id=\"075b5a4\" data-element_type=\"section\">\n\t\t\t\t\t\t<div class=\"elementor-container elementor-column-gap-default\">\n\t\t\t\t\t<div class=\"elementor-column elementor-col-100 elementor-top-column elementor-element elementor-element-449973b\" data-id=\"449973b\" data-element_type=\"column\">\n\t\t\t<div class=\"elementor-widget-wrap elementor-element-populated\">\n\t\t\t\t\t\t\t\t<div class=\"elementor-element elementor-element-aaa6a7d elementor-widget elementor-widget-text-editor\" data-id=\"aaa6a7d\" data-element_type=\"widget\" data-widget_type=\"text-editor.default\">\n\t\t\t\t<div class=\"elementor-widget-container\">\n\t\t\t\t\t\t\t<p>La spiritualit\u00e0 moderna \u00e8 la ricerca di un significato pi\u00f9 alto e la connessione con la saggezza e il potere del mondo spirituale. \u00c8 una connessione pi\u00f9 profonda con se stessi e tutto ci\u00f2 che esiste.<\/p><p>La spiritualit\u00e0 non ha nulla a che fare con una religione particolare, \u00e8 la convinzione che ci sia qualcosa di pi\u00f9 alto che collega tutto.<\/p><p>Questo potere superiore tiene tutto insieme, crea e ci guida inconsciamente.<\/p><p>Cos'\u00e8 la realt\u00e0, lo spazio, il tempo? Non lo sappiamo, ma possiamo fidarci e prendere la vita pi\u00f9 facilmente.<\/p><p>Lo Spiritual Life Coaching si rivolge alla nostra vita quotidiana frenetica, industrializzata e pianificata e inizia da qui. Osserviamo da vicino la vostra vita quotidiana e scopriamo come potete creare la vostra vita pi\u00f9 bella e pi\u00f9 felice, insieme a una forza superiore che connette e insieme alla vostra vita quotidiana.<\/p>\t\t\t\t\t\t<\/div>\n\t\t\t\t<\/div>\n\t\t\t\t\t<\/div>\n\t\t<\/div>\n\t\t\t\t\t\t\t<\/div>\n\t\t<\/section>\n\t\t\t\t<section class=\"elementor-section elementor-top-section elementor-element elementor-element-b20c46b elementor-section-boxed elementor-section-height-default elementor-section-height-default\" data-id=\"b20c46b\" data-element_type=\"section\">\n\t\t\t\t\t\t<div class=\"elementor-container elementor-column-gap-default\">\n\t\t\t\t\t<div class=\"elementor-column elementor-col-100 elementor-top-column elementor-element elementor-element-4812e33\" data-id=\"4812e33\" data-element_type=\"column\">\n\t\t\t<div class=\"elementor-widget-wrap elementor-element-populated\">\n\t\t\t\t\t\t\t\t<div class=\"elementor-element elementor-element-b618ba9 elementor-widget elementor-widget-text-editor\" data-id=\"b618ba9\" data-element_type=\"widget\" data-widget_type=\"text-editor.default\">\n\t\t\t\t<div class=\"elementor-widget-container\">\n\t\t\t\t\t\t\t<p style=\"text-align: center;\"><em>I&#8217;M POWERFUL<\/em><\/p><p style=\"text-align: center;\"><em>I CAN HANDLE IT<\/em><\/p><p style=\"text-align: center;\"><em>IT&#8217;S RIGHT IF IT&#8217;S FUN<\/em><\/p>\t\t\t\t\t\t<\/div>\n\t\t\t\t<\/div>\n\t\t\t\t\t<\/div>\n\t\t<\/div>\n\t\t\t\t\t\t\t<\/div>\n\t\t<\/section>\n\t\t\t\t<section class=\"elementor-section elementor-top-section elementor-element elementor-element-f23603d elementor-section-boxed elementor-section-height-default elementor-section-height-default\" data-id=\"f23603d\" data-element_type=\"section\">\n\t\t\t\t\t\t<div class=\"elementor-container elementor-column-gap-default\">\n\t\t\t\t\t<div class=\"elementor-column elementor-col-100 elementor-top-column elementor-element elementor-element-c9127f8\" data-id=\"c9127f8\" data-element_type=\"column\">\n\t\t\t<div class=\"elementor-widget-wrap elementor-element-populated\">\n\t\t\t\t\t\t\t\t<div class=\"elementor-element elementor-element-f32a50a elementor-widget elementor-widget-spacer\" data-id=\"f32a50a\" data-element_type=\"widget\" data-widget_type=\"spacer.default\">\n\t\t\t\t<div class=\"elementor-widget-container\">\n\t\t\t\t\t<div class=\"elementor-spacer\">\n\t\t\t<div class=\"elementor-spacer-inner\"><\/div>\n\t\t<\/div>\n\t\t\t\t<\/div>\n\t\t\t\t<\/div>\n\t\t\t\t\t<\/div>\n\t\t<\/div>\n\t\t\t\t\t\t\t<\/div>\n\t\t<\/section>\n\t\t\t\t<section class=\"elementor-section elementor-top-section elementor-element elementor-element-aabc601 elementor-section-boxed elementor-section-height-default elementor-section-height-default\" data-id=\"aabc601\" data-element_type=\"section\">\n\t\t\t\t\t\t<div class=\"elementor-container elementor-column-gap-default\">\n\t\t\t\t\t<div class=\"elementor-column elementor-col-100 elementor-top-column elementor-element elementor-element-44c616c\" data-id=\"44c616c\" data-element_type=\"column\">\n\t\t\t<div class=\"elementor-widget-wrap elementor-element-populated\">\n\t\t\t\t\t\t\t\t<div class=\"elementor-element elementor-element-14ff102 elementor-widget elementor-widget-image\" data-id=\"14ff102\" data-element_type=\"widget\" data-widget_type=\"image.default\">\n\t\t\t\t<div class=\"elementor-widget-container\">\n\t\t\t\t\t\t\t\t\t\t\t\t\t\t\t<img loading=\"lazy\" decoding=\"async\" width=\"800\" height=\"533\" src=\"https:\/\/www.sunny-day-life.com\/wp-content\/uploads\/2024\/03\/country-2539671_1280-1024x682.jpg\" class=\"attachment-large size-large\" alt=\"\" srcset=\"https:\/\/www.sunny-day-life.com\/wp-content\/uploads\/2024\/03\/country-2539671_1280-1024x682.jpg 1024w, https:\/\/www.sunny-day-life.com\/wp-content\/uploads\/2024\/03\/country-2539671_1280-300x200.jpg 300w, https:\/\/www.sunny-day-life.com\/wp-content\/uploads\/2024\/03\/country-2539671_1280-768x512.jpg 768w, https:\/\/www.sunny-day-life.com\/wp-content\/uploads\/2024\/03\/country-2539671_1280-18x12.jpg 18w, https:\/\/www.sunny-day-life.com\/wp-content\/uploads\/2024\/03\/country-2539671_1280-600x400.jpg 600w, https:\/\/www.sunny-day-life.com\/wp-content\/uploads\/2024\/03\/country-2539671_1280.jpg 1280w\" sizes=\"auto, (max-width: 800px) 100vw, 800px\" \/>\t\t\t\t\t\t\t\t\t\t\t\t\t\t\t<\/div>\n\t\t\t\t<\/div>\n\t\t\t\t\t<\/div>\n\t\t<\/div>\n\t\t\t\t\t\t\t<\/div>\n\t\t<\/section>\n\t\t\t\t<section class=\"elementor-section elementor-top-section elementor-element elementor-element-819ad96 elementor-section-boxed elementor-section-height-default elementor-section-height-default\" data-id=\"819ad96\" data-element_type=\"section\">\n\t\t\t\t\t\t<div class=\"elementor-container elementor-column-gap-default\">\n\t\t\t\t\t<div class=\"elementor-column elementor-col-100 elementor-top-column elementor-element elementor-element-d9e49ca\" data-id=\"d9e49ca\" data-element_type=\"column\">\n\t\t\t<div class=\"elementor-widget-wrap elementor-element-populated\">\n\t\t\t\t\t\t\t\t<div class=\"elementor-element elementor-element-8c81c90 elementor-widget elementor-widget-spacer\" data-id=\"8c81c90\" data-element_type=\"widget\" data-widget_type=\"spacer.default\">\n\t\t\t\t<div class=\"elementor-widget-container\">\n\t\t\t\t\t<div class=\"elementor-spacer\">\n\t\t\t<div class=\"elementor-spacer-inner\"><\/div>\n\t\t<\/div>\n\t\t\t\t<\/div>\n\t\t\t\t<\/div>\n\t\t\t\t\t<\/div>\n\t\t<\/div>\n\t\t\t\t\t\t\t<\/div>\n\t\t<\/section>\n\t\t\t\t<section class=\"elementor-section elementor-top-section elementor-element elementor-element-c71578a elementor-section-boxed elementor-section-height-default elementor-section-height-default\" data-id=\"c71578a\" data-element_type=\"section\">\n\t\t\t\t\t\t<div class=\"elementor-container elementor-column-gap-default\">\n\t\t\t\t\t<div class=\"elementor-column elementor-col-25 elementor-top-column elementor-element elementor-element-cbfbc08\" data-id=\"cbfbc08\" data-element_type=\"column\">\n\t\t\t<div class=\"elementor-widget-wrap elementor-element-populated\">\n\t\t\t\t\t\t\t\t<div class=\"elementor-element elementor-element-320ec53 elementor-align-center elementor-widget elementor-widget-button\" data-id=\"320ec53\" data-element_type=\"widget\" data-widget_type=\"button.default\">\n\t\t\t\t<div class=\"elementor-widget-container\">\n\t\t\t\t\t<div class=\"elementor-button-wrapper\">\n\t\t\t<a href=\"https:\/\/www.sunny-day-life.com\/it\/\" class=\"elementor-button-link elementor-button elementor-size-sm\" role=\"button\">\n\t\t\t\t\t\t<span class=\"elementor-button-content-wrapper\">\n\t\t\t\t\t\t<span class=\"elementor-button-text\">HOME<\/span>\n\t\t<\/span>\n\t\t\t\t\t<\/a>\n\t\t<\/div>\n\t\t\t\t<\/div>\n\t\t\t\t<\/div>\n\t\t\t\t\t<\/div>\n\t\t<\/div>\n\t\t\t\t<div class=\"elementor-column elementor-col-25 elementor-top-column elementor-element elementor-element-a57fbe8\" data-id=\"a57fbe8\" data-element_type=\"column\">\n\t\t\t<div class=\"elementor-widget-wrap elementor-element-populated\">\n\t\t\t\t\t\t\t\t<div class=\"elementor-element elementor-element-11a04ee elementor-align-center elementor-widget elementor-widget-button\" data-id=\"11a04ee\" data-element_type=\"widget\" data-widget_type=\"button.default\">\n\t\t\t\t<div class=\"elementor-widget-container\">\n\t\t\t\t\t<div class=\"elementor-button-wrapper\">\n\t\t\t<a href=\"https:\/\/www.sunny-day-life.com\/it\/techniken-und-tools\/\" class=\"elementor-button-link elementor-button elementor-size-sm\" role=\"button\">\n\t\t\t\t\t\t<span class=\"elementor-button-content-wrapper\">\n\t\t\t\t\t\t<span class=\"elementor-button-text\">COSA E COME<\/span>\n\t\t<\/span>\n\t\t\t\t\t<\/a>\n\t\t<\/div>\n\t\t\t\t<\/div>\n\t\t\t\t<\/div>\n\t\t\t\t\t<\/div>\n\t\t<\/div>\n\t\t\t\t<div class=\"elementor-column elementor-col-25 elementor-top-column elementor-element elementor-element-819e00d\" data-id=\"819e00d\" data-element_type=\"column\">\n\t\t\t<div class=\"elementor-widget-wrap elementor-element-populated\">\n\t\t\t\t\t\t\t\t<div class=\"elementor-element elementor-element-30d2acf elementor-align-center elementor-widget elementor-widget-button\" data-id=\"30d2acf\" data-element_type=\"widget\" data-widget_type=\"button.default\">\n\t\t\t\t<div class=\"elementor-widget-container\">\n\t\t\t\t\t<div class=\"elementor-button-wrapper\">\n\t\t\t<a href=\"https:\/\/www.sunny-day-life.com\/it\/ueber-mich\/\" class=\"elementor-button-link elementor-button elementor-size-sm\" role=\"button\">\n\t\t\t\t\t\t<span class=\"elementor-button-content-wrapper\">\n\t\t\t\t\t\t<span class=\"elementor-button-text\">SU DI ME<\/span>\n\t\t<\/span>\n\t\t\t\t\t<\/a>\n\t\t<\/div>\n\t\t\t\t<\/div>\n\t\t\t\t<\/div>\n\t\t\t\t\t<\/div>\n\t\t<\/div>\n\t\t\t\t<div class=\"elementor-column elementor-col-25 elementor-top-column elementor-element elementor-element-773910c\" data-id=\"773910c\" data-element_type=\"column\">\n\t\t\t<div class=\"elementor-widget-wrap elementor-element-populated\">\n\t\t\t\t\t\t\t\t<div class=\"elementor-element elementor-element-3c22c69 elementor-align-center elementor-widget elementor-widget-button\" data-id=\"3c22c69\" data-element_type=\"widget\" data-widget_type=\"button.default\">\n\t\t\t\t<div class=\"elementor-widget-container\">\n\t\t\t\t\t<div class=\"elementor-button-wrapper\">\n\t\t\t<a href=\"https:\/\/www.sunny-day-life.com\/it\/info-und-kosten\/\" class=\"elementor-button-link elementor-button elementor-size-sm\" role=\"button\">\n\t\t\t\t\t\t<span class=\"elementor-button-content-wrapper\">\n\t\t\t\t\t\t<span class=\"elementor-button-text\">INFO E COSTI<\/span>\n\t\t<\/span>\n\t\t\t\t\t<\/a>\n\t\t<\/div>\n\t\t\t\t<\/div>\n\t\t\t\t<\/div>\n\t\t\t\t\t<\/div>\n\t\t<\/div>\n\t\t\t\t\t\t\t<\/div>\n\t\t<\/section>\n\t\t\t\t<section class=\"elementor-section elementor-top-section elementor-element elementor-element-ac15f9b elementor-section-boxed elementor-section-height-default elementor-section-height-default\" data-id=\"ac15f9b\" data-element_type=\"section\">\n\t\t\t\t\t\t<div class=\"elementor-container elementor-column-gap-default\">\n\t\t\t\t\t<div class=\"elementor-column elementor-col-100 elementor-top-column elementor-element elementor-element-89d583b\" data-id=\"89d583b\" data-element_type=\"column\">\n\t\t\t<div class=\"elementor-widget-wrap elementor-element-populated\">\n\t\t\t\t\t\t\t\t<div class=\"elementor-element elementor-element-14e9420 elementor-widget elementor-widget-spacer\" data-id=\"14e9420\" data-element_type=\"widget\" data-widget_type=\"spacer.default\">\n\t\t\t\t<div class=\"elementor-widget-container\">\n\t\t\t\t\t<div class=\"elementor-spacer\">\n\t\t\t<div class=\"elementor-spacer-inner\"><\/div>\n\t\t<\/div>\n\t\t\t\t<\/div>\n\t\t\t\t<\/div>\n\t\t\t\t\t<\/div>\n\t\t<\/div>\n\t\t\t\t\t\t\t<\/div>\n\t\t<\/section>\n\t\t\t\t\t\t\t<\/div>","protected":false},"excerpt":{"rendered":"<p>MODERNE SPIRITUALITAET:\u00a0 Moderne Spiritualitaet, das ist die Suche nach einem hoeheren Sinn und die Verbindung zur Weisheit und Kraft der geistigen Welt. Es ist eine tiefere Verbindung zum eigenen Selbst und allem was existiert. Spiritualitaet hat nichts mit einer bestimmten Religion zu tun, es ist der Glaube, dass es etwas hoeheres, alles Verbindende gibt. Diese [&hellip;]<\/p>","protected":false},"author":1,"featured_media":0,"parent":0,"menu_order":0,"comment_status":"closed","ping_status":"closed","template":"","meta":{"footnotes":""},"class_list":["post-251","page","type-page","status-publish","hentry"],"yoast_head":"<!-- This site is optimized with the Yoast SEO plugin v20.4 - https:\/\/yoast.com\/wordpress\/plugins\/seo\/ -->\n<title>sunny-day-life.com<\/title>\n<meta name=\"description\" content=\"madrelingua tedesca esperta per corsi di tedesco, professionalit\u00e0 e seriet\u00e0, ti accompagno in brevi videoconferenze su misura per te\" \/>\n<meta name=\"robots\" content=\"index, follow, max-snippet:-1, max-image-preview:large, max-video-preview:-1\" \/>\n<link rel=\"canonical\" href=\"https:\/\/www.sunny-day-life.com\/it\/spiritual-life-coaching\/\" \/>\n<meta property=\"og:locale\" content=\"en_US\" \/>\n<meta property=\"og:type\" content=\"article\" \/>\n<meta property=\"og:title\" content=\"sunny-day-life.com\" \/>\n<meta property=\"og:description\" content=\"madrelingua tedesca esperta per corsi di tedesco, professionalit\u00e0 e seriet\u00e0, ti accompagno in brevi videoconferenze su misura per te\" \/>\n<meta property=\"og:url\" content=\"https:\/\/www.sunny-day-life.com\/it\/spiritual-life-coaching\/\" \/>\n<meta property=\"og:site_name\" content=\"sunny-day-life.com\" \/>\n<meta property=\"article:modified_time\" content=\"2024-08-09T09:00:04+00:00\" \/>\n<meta property=\"og:image\" content=\"https:\/\/www.sunny-day-life.com\/wp-content\/uploads\/2024\/03\/earth-1756274_1280-1024x512.jpg\" \/>\n<meta name=\"twitter:card\" content=\"summary_large_image\" \/>\n<meta name=\"twitter:label1\" content=\"Est. reading time\" \/>\n\t<meta name=\"twitter:data1\" content=\"2 minutes\" \/>\n<script type=\"application\/ld+json\" class=\"yoast-schema-graph\">{\"@context\":\"https:\/\/schema.org\",\"@graph\":[{\"@type\":\"WebPage\",\"@id\":\"https:\/\/www.sunny-day-life.com\/spiritual-life-coaching\/\",\"url\":\"https:\/\/www.sunny-day-life.com\/spiritual-life-coaching\/\",\"name\":\"sunny-day-life.com\",\"isPartOf\":{\"@id\":\"https:\/\/www.sunny-day-life.com\/#website\"},\"datePublished\":\"2024-03-21T10:08:24+00:00\",\"dateModified\":\"2024-08-09T09:00:04+00:00\",\"description\":\"madrelingua tedesca esperta per corsi di tedesco, professionalit\u00e0 e seriet\u00e0, ti accompagno in brevi videoconferenze su misura per te\",\"breadcrumb\":{\"@id\":\"https:\/\/www.sunny-day-life.com\/spiritual-life-coaching\/#breadcrumb\"},\"inLanguage\":\"en-US\",\"potentialAction\":[{\"@type\":\"ReadAction\",\"target\":[\"https:\/\/www.sunny-day-life.com\/spiritual-life-coaching\/\"]}]},{\"@type\":\"BreadcrumbList\",\"@id\":\"https:\/\/www.sunny-day-life.com\/spiritual-life-coaching\/#breadcrumb\",\"itemListElement\":[{\"@type\":\"ListItem\",\"position\":1,\"name\":\"Home\",\"item\":\"https:\/\/www.sunny-day-life.com\/\"},{\"@type\":\"ListItem\",\"position\":2,\"name\":\"Spiritual Life Coaching\"}]},{\"@type\":\"WebSite\",\"@id\":\"https:\/\/www.sunny-day-life.com\/#website\",\"url\":\"https:\/\/www.sunny-day-life.com\/\",\"name\":\"sunny-day-life.com\",\"description\":\"\",\"publisher\":{\"@id\":\"https:\/\/www.sunny-day-life.com\/#organization\"},\"potentialAction\":[{\"@type\":\"SearchAction\",\"target\":{\"@type\":\"EntryPoint\",\"urlTemplate\":\"https:\/\/www.sunny-day-life.com\/?s={search_term_string}\"},\"query-input\":\"required name=search_term_string\"}],\"inLanguage\":\"en-US\"},{\"@type\":\"Organization\",\"@id\":\"https:\/\/www.sunny-day-life.com\/#organization\",\"name\":\"sunny-day-life.com\",\"url\":\"https:\/\/www.sunny-day-life.com\/\",\"logo\":{\"@type\":\"ImageObject\",\"inLanguage\":\"en-US\",\"@id\":\"https:\/\/www.sunny-day-life.com\/#\/schema\/logo\/image\/\",\"url\":\"https:\/\/www.sunny-day-life.com\/wp-content\/uploads\/2024\/08\/cropped-Sunny-Day-Life-logo-transparent-1.jpg\",\"contentUrl\":\"https:\/\/www.sunny-day-life.com\/wp-content\/uploads\/2024\/08\/cropped-Sunny-Day-Life-logo-transparent-1.jpg\",\"width\":314,\"height\":78,\"caption\":\"sunny-day-life.com\"},\"image\":{\"@id\":\"https:\/\/www.sunny-day-life.com\/#\/schema\/logo\/image\/\"}}]}<\/script>\n<!-- \/ Yoast SEO plugin. -->","yoast_head_json":{"title":"sunny-day-life.com","description":"madrelingua tedesca esperta per corsi di tedesco, professionalit\u00e0 e seriet\u00e0, ti accompagno in brevi videoconferenze su misura per te","robots":{"index":"index","follow":"follow","max-snippet":"max-snippet:-1","max-image-preview":"max-image-preview:large","max-video-preview":"max-video-preview:-1"},"canonical":"https:\/\/www.sunny-day-life.com\/it\/spiritual-life-coaching\/","og_locale":"en_US","og_type":"article","og_title":"sunny-day-life.com","og_description":"madrelingua tedesca esperta per corsi di tedesco, professionalit\u00e0 e seriet\u00e0, ti accompagno in brevi videoconferenze su misura per te","og_url":"https:\/\/www.sunny-day-life.com\/it\/spiritual-life-coaching\/","og_site_name":"sunny-day-life.com","article_modified_time":"2024-08-09T09:00:04+00:00","og_image":[{"url":"https:\/\/www.sunny-day-life.com\/wp-content\/uploads\/2024\/03\/earth-1756274_1280-1024x512.jpg"}],"twitter_card":"summary_large_image","twitter_misc":{"Est. reading time":"2 minutes"},"schema":{"@context":"https:\/\/schema.org","@graph":[{"@type":"WebPage","@id":"https:\/\/www.sunny-day-life.com\/spiritual-life-coaching\/","url":"https:\/\/www.sunny-day-life.com\/spiritual-life-coaching\/","name":"sunny-day-life.com","isPartOf":{"@id":"https:\/\/www.sunny-day-life.com\/#website"},"datePublished":"2024-03-21T10:08:24+00:00","dateModified":"2024-08-09T09:00:04+00:00","description":"madrelingua tedesca esperta per corsi di tedesco, professionalit\u00e0 e seriet\u00e0, ti accompagno in brevi videoconferenze su misura per te","breadcrumb":{"@id":"https:\/\/www.sunny-day-life.com\/spiritual-life-coaching\/#breadcrumb"},"inLanguage":"en-US","potentialAction":[{"@type":"ReadAction","target":["https:\/\/www.sunny-day-life.com\/spiritual-life-coaching\/"]}]},{"@type":"BreadcrumbList","@id":"https:\/\/www.sunny-day-life.com\/spiritual-life-coaching\/#breadcrumb","itemListElement":[{"@type":"ListItem","position":1,"name":"Home","item":"https:\/\/www.sunny-day-life.com\/"},{"@type":"ListItem","position":2,"name":"Spiritual Life Coaching"}]},{"@type":"WebSite","@id":"https:\/\/www.sunny-day-life.com\/#website","url":"https:\/\/www.sunny-day-life.com\/","name":"sunny-day-life.com","description":"","publisher":{"@id":"https:\/\/www.sunny-day-life.com\/#organization"},"potentialAction":[{"@type":"SearchAction","target":{"@type":"EntryPoint","urlTemplate":"https:\/\/www.sunny-day-life.com\/?s={search_term_string}"},"query-input":"required name=search_term_string"}],"inLanguage":"en-US"},{"@type":"Organization","@id":"https:\/\/www.sunny-day-life.com\/#organization","name":"sunny-day-life.com","url":"https:\/\/www.sunny-day-life.com\/","logo":{"@type":"ImageObject","inLanguage":"en-US","@id":"https:\/\/www.sunny-day-life.com\/#\/schema\/logo\/image\/","url":"https:\/\/www.sunny-day-life.com\/wp-content\/uploads\/2024\/08\/cropped-Sunny-Day-Life-logo-transparent-1.jpg","contentUrl":"https:\/\/www.sunny-day-life.com\/wp-content\/uploads\/2024\/08\/cropped-Sunny-Day-Life-logo-transparent-1.jpg","width":314,"height":78,"caption":"sunny-day-life.com"},"image":{"@id":"https:\/\/www.sunny-day-life.com\/#\/schema\/logo\/image\/"}}]}},"_links":{"self":[{"href":"https:\/\/www.sunny-day-life.com\/it\/wp-json\/wp\/v2\/pages\/251","targetHints":{"allow":["GET"]}}],"collection":[{"href":"https:\/\/www.sunny-day-life.com\/it\/wp-json\/wp\/v2\/pages"}],"about":[{"href":"https:\/\/www.sunny-day-life.com\/it\/wp-json\/wp\/v2\/types\/page"}],"author":[{"embeddable":true,"href":"https:\/\/www.sunny-day-life.com\/it\/wp-json\/wp\/v2\/users\/1"}],"replies":[{"embeddable":true,"href":"https:\/\/www.sunny-day-life.com\/it\/wp-json\/wp\/v2\/comments?post=251"}],"version-history":[{"count":256,"href":"https:\/\/www.sunny-day-life.com\/it\/wp-json\/wp\/v2\/pages\/251\/revisions"}],"predecessor-version":[{"id":2457,"href":"https:\/\/www.sunny-day-life.com\/it\/wp-json\/wp\/v2\/pages\/251\/revisions\/2457"}],"wp:attachment":[{"href":"https:\/\/www.sunny-day-life.com\/it\/wp-json\/wp\/v2\/media?parent=251"}],"curies":[{"name":"wp","href":"https:\/\/api.w.org\/{rel}","templated":true}]}}