{"id":788,"date":"2023-03-20T19:39:37","date_gmt":"2023-03-20T18:39:37","guid":{"rendered":"https:\/\/www.deutsch-sprechen.com\/?page_id=788"},"modified":"2024-08-09T15:31:13","modified_gmt":"2024-08-09T13:31:13","slug":"cookies","status":"publish","type":"page","link":"https:\/\/www.sunny-day-life.com\/it\/cookies\/","title":{"rendered":"Cookies"},"content":{"rendered":"<div data-elementor-type=\"wp-page\" data-elementor-id=\"788\" class=\"elementor elementor-788\">\n\t\t\t\t\t\t\t\t\t<section class=\"elementor-section elementor-top-section elementor-element elementor-element-2eacac7 elementor-section-full_width elementor-section-height-min-height elementor-section-items-bottom elementor-section-content-bottom elementor-section-height-default\" data-id=\"2eacac7\" data-element_type=\"section\" data-settings=\"{&quot;background_background&quot;:&quot;classic&quot;}\">\n\t\t\t\t\t\t<div class=\"elementor-container elementor-column-gap-default\">\n\t\t\t\t\t<div class=\"elementor-column elementor-col-100 elementor-top-column elementor-element elementor-element-9bd2db8\" data-id=\"9bd2db8\" data-element_type=\"column\">\n\t\t\t<div class=\"elementor-widget-wrap\">\n\t\t\t\t\t\t\t\t\t<\/div>\n\t\t<\/div>\n\t\t\t\t\t\t\t<\/div>\n\t\t<\/section>\n\t\t\t\t<section class=\"elementor-section elementor-top-section elementor-element elementor-element-5c709c1 elementor-section-boxed elementor-section-height-default elementor-section-height-default\" data-id=\"5c709c1\" data-element_type=\"section\">\n\t\t\t\t\t\t<div class=\"elementor-container elementor-column-gap-default\">\n\t\t\t\t\t<div class=\"elementor-column elementor-col-100 elementor-top-column elementor-element elementor-element-647c643\" data-id=\"647c643\" data-element_type=\"column\">\n\t\t\t<div class=\"elementor-widget-wrap elementor-element-populated\">\n\t\t\t\t\t\t\t\t<div class=\"elementor-element elementor-element-0cc5ff3 elementor-widget elementor-widget-spacer\" data-id=\"0cc5ff3\" data-element_type=\"widget\" data-widget_type=\"spacer.default\">\n\t\t\t\t<div class=\"elementor-widget-container\">\n\t\t\t<style>\/*! elementor - v3.7.7 - 20-09-2022 *\/\n.elementor-column .elementor-spacer-inner{height:var(--spacer-size)}.e-container{--container-widget-width:100%}.e-container>.elementor-widget-spacer{width:var(--container-widget-width,var(--spacer-size));-ms-flex-item-align:stretch;align-self:stretch;-ms-flex-negative:0;flex-shrink:0}.e-container>.elementor-widget-spacer>.elementor-widget-container,.e-container>.elementor-widget-spacer>.elementor-widget-container>.elementor-spacer{height:100%}.e-container>.elementor-widget-spacer>.elementor-widget-container>.elementor-spacer>.elementor-spacer-inner{height:var(--container-widget-height,var(--spacer-size))}<\/style>\t\t<div class=\"elementor-spacer\">\n\t\t\t<div class=\"elementor-spacer-inner\"><\/div>\n\t\t<\/div>\n\t\t\t\t<\/div>\n\t\t\t\t<\/div>\n\t\t\t\t\t<\/div>\n\t\t<\/div>\n\t\t\t\t\t\t\t<\/div>\n\t\t<\/section>\n\t\t\t\t<section class=\"elementor-section elementor-top-section elementor-element elementor-element-0b464a2 elementor-section-boxed elementor-section-height-default elementor-section-height-default\" data-id=\"0b464a2\" data-element_type=\"section\">\n\t\t\t\t\t\t<div class=\"elementor-container elementor-column-gap-default\">\n\t\t\t\t\t<div class=\"elementor-column elementor-col-100 elementor-top-column elementor-element elementor-element-5e2cb11\" data-id=\"5e2cb11\" data-element_type=\"column\">\n\t\t\t<div class=\"elementor-widget-wrap\">\n\t\t\t\t\t\t\t\t\t<\/div>\n\t\t<\/div>\n\t\t\t\t\t\t\t<\/div>\n\t\t<\/section>\n\t\t\t\t<section class=\"elementor-section elementor-top-section elementor-element elementor-element-0a21da3 elementor-section-boxed elementor-section-height-default elementor-section-height-default\" data-id=\"0a21da3\" data-element_type=\"section\">\n\t\t\t\t\t\t<div class=\"elementor-container elementor-column-gap-default\">\n\t\t\t\t\t<div class=\"elementor-column elementor-col-100 elementor-top-column elementor-element elementor-element-bc3385f\" data-id=\"bc3385f\" data-element_type=\"column\">\n\t\t\t<div class=\"elementor-widget-wrap elementor-element-populated\">\n\t\t\t\t\t\t\t\t<div class=\"elementor-element elementor-element-5d216ef elementor-widget elementor-widget-text-editor\" data-id=\"5d216ef\" data-element_type=\"widget\" data-widget_type=\"text-editor.default\">\n\t\t\t\t<div class=\"elementor-widget-container\">\n\t\t\t<style>\/*! elementor - v3.7.7 - 20-09-2022 *\/\n.elementor-widget-text-editor.elementor-drop-cap-view-stacked .elementor-drop-cap{background-color:#818a91;color:#fff}.elementor-widget-text-editor.elementor-drop-cap-view-framed .elementor-drop-cap{color:#818a91;border:3px solid;background-color:transparent}.elementor-widget-text-editor:not(.elementor-drop-cap-view-default) .elementor-drop-cap{margin-top:8px}.elementor-widget-text-editor:not(.elementor-drop-cap-view-default) .elementor-drop-cap-letter{width:1em;height:1em}.elementor-widget-text-editor .elementor-drop-cap{float:left;text-align:center;line-height:1;font-size:50px}.elementor-widget-text-editor .elementor-drop-cap-letter{display:inline-block}<\/style>\t\t\t\t<p><span style=\"text-decoration: underline; color: #000000;\"><strong>Cosa sono i cookie?<\/strong><\/span><\/p><p><span style=\"color: #000000;\">I cookie sono piccoli file di testo che i siti visitati dagli utenti inviano ai loro dispositivi terminali (computer o altri dispositivi mobili o palmari come smartphone o tablet), dove vengono memorizzati per essere poi ritrasmessi agli stessi siti web in occasione di visite successive. I cookie sono utilizzati per diverse finalit\u00e0, hanno caratteristiche diverse e possono essere utilizzati sia dal titolare del sito web che si sta visitando, sia da terze parti.<\/span><\/p><p><span style=\"color: #000000;\">I cookie sono essenziali per il corretto funzionamento di questo sito web. Nel corso della navigazione, l'utente pu\u00f2 ricevere anche cookie relativi a siti web diversi da quelli cui si riferisce la presente informativa (tali cookie sono denominati \"terze parti\"). I gestori di questi siti web esterni sono responsabili della determinazione delle impostazioni, delle finalit\u00e0 e delle modalit\u00e0 di utilizzo dei suddetti siti web. Di seguito troverai tutte le informazioni sui cookie installati tramite questo sito web, nonch\u00e9 le informazioni necessarie su come gestire le tue preferenze al riguardo.<\/span><\/p><p><span style=\"color: #000000;\">Per ulteriori informazioni sui cookie e sulle loro funzioni generali, visitare un sito Web informativo come <a style=\"color: #000000;\" href=\"http:\/\/www.allaboutcookies.org\/\">http:\/\/www.allaboutcookies.org\/<\/a>.<\/span><\/p><p><span style=\"color: #000000;\">Per sapere come modificare le impostazioni del browser o rifiutare l'uso dei cookie, consultare i link seguenti:<\/span><\/p><p><span style=\"color: #000000;\">Internet Explorer\u2122: <a style=\"color: #000000;\" href=\"https:\/\/support.microsoft.com\/it-it\/windows\/eliminare-e-gestire-i-cookie-168dab11-0753-043d-7c16-ede5947fc64d\">https:\/\/support.microsoft.com\/it-it\/windows\/eliminare-e-gestire-i-cookie-168dab11-0753-043d-7c16-ede5947fc64d<\/a><\/span><\/p><p><span style=\"color: #000000;\">Safari\u2122: <a style=\"color: #000000;\" href=\"https:\/\/support.apple.com\/it-it\/guide\/safari\/sfri11471\/mac\">https:\/\/support.apple.com\/it-it\/guide\/safari\/sfri11471\/mac<\/a><\/span><\/p><p><span style=\"color: #000000;\">Chrome\u2122: <a style=\"color: #000000;\" href=\"https:\/\/support.google.com\/chrome\/answer\/95647?hl=it&amp;hlrm=en\">https:\/\/support.google.com\/chrome\/answer\/95647?hl=it&amp;hlrm=en<\/a><\/span><\/p><p><span style=\"color: #000000;\">Firefox\u2122:<a style=\"color: #000000;\" href=\"https:\/\/support.mozilla.org\/it\/kb\/Gestione%20dei%20cookie#w_impostazioni-dei-cookie\">https:\/\/support.mozilla.org\/it\/kb\/Gestione%20dei%20cookie#w_impostazioni-dei-cookie<\/a><\/span><\/p><p><span style=\"color: #000000;\">Opera\u2122: <a style=\"color: #000000;\" href=\"https:\/\/help.opera.com\/en\/latest\/web-preferences\/#cookies\">https:\/\/help.opera.com\/en\/latest\/web-preferences\/#cookies<\/a><\/span><\/p><p><span style=\"color: #000000;\">QUALI COOKIE UTILIZZIAMO? COME DISABILITARLI O ATTIVARLI?<\/span><\/p><p><span style=\"color: #000000;\">Utilizziamo diversi tipi di cookie, che differiscono per tipologia e finalit\u00e0. In generale, i cookie possono essere suddivisi in due macro categorie: cookie \"tecnici\" e cookie \"di profilazione\".<\/span><\/p><p><span style=\"color: #000000;\">I cookie tecnici garantiscono una fruizione ottimale del nostro sito web rendendo la navigazione pi\u00f9 fluida e semplice e vengono utilizzati al solo scopo di consentire la facile fruizione dei nostri servizi online. Abbiamo bisogno di utilizzare questi cookie perch\u00e9 alcune aree del nostro sito web non sarebbero accessibili o difficili da utilizzare senza di essi. Non chiediamo il consenso dell'utente al loro utilizzo, la disattivazione non \u00e8 possibile e la base giuridica per l'utilizzo \u00e8 il nostro legittimo interesse al buon funzionamento del nostro sito web.<\/span><\/p><p><span style=\"color: #000000;\">Nella categoria dei cookie tecnici rientrano anche i cookie di funzionalit\u00e0, che permettono la navigazione in funzione di una serie di criteri selezionati (es. lingua).<\/span><\/p><p><span style=\"color: #000000;\">Inoltre, i cookie analitici sono equiparati anche ai cookie tecnici, attraverso i quali si ottengono solo informazioni statistiche raccolte in forma aggregata sul numero dei visitatori e sul loro utilizzo del nostro sito web. Se le informazioni non sono raccolte in forma aggregata e contengono invece dati identificativi (come l'indirizzo IP utilizzato dal tuo dispositivo), i cookie utilizzati per raccogliere questi ulteriori dati sono classificati come \"cookie di profilazione\" e sono attivi solo previo tuo consenso.<\/span><\/p><p><span style=\"color: #000000;\">I cookie di profilazione sono utilizzati per raccogliere informazioni sulle tue abitudini di navigazione (pagine visitate, articoli aggiunti al carrello, ecc.): questi dati vengono utilizzati da noi per offrirti contenuti personalizzati. I cookie di profilazione possono essere proprietari (o di prima parte) se gestiti direttamente da \"SUNNY DAY LIFE - THE POWER OF ADEQUATE THINKING\", oppure da fornitori terzi, ovvero di propriet\u00e0 dei nostri partner commerciali.<\/span><\/p><p><span style=\"color: #000000;\">Tutti i cookie di profilazione (sia proprietari che di terze parti) possono essere abilitati\/disabilitati utilizzando le nostre impostazioni dei cookie o modificando le impostazioni del browser che utilizzi per navigare sul web.<\/span><\/p><p><span style=\"color: #000000;\">Ti ricordiamo che i cookie di profilazione, anche se contrassegnati da un segno di spunta, sono efficaci solo se clicchi sul pulsante \"Accetta\" presente nel banner per i cookie presente sul nostro sito web. I cookie di profilazione raccolgono quindi informazioni sul tuo comportamento di navigazione solo con il tuo esplicito consenso.<\/span><\/p><p><span style=\"color: #000000;\">Quanto durano i cookie?<\/span><\/p><p><span style=\"color: #000000;\">In base alla durata dei cookie, distinguiamo tra<\/span><\/p><p><span style=\"color: #000000;\">Cookie temporanei (o di sessione): i dati raccolti da questi cookie vengono conservati per un periodo di tempo limitato, che corrisponde alla durata della sessione di navigazione<\/span><\/p><p><span style=\"color: #000000;\">Cookie persistenti: Hanno la funzione di memorizzare i dati e quindi evitare di doverli reinserire ogni volta che si visita. Le informazioni raccolte da questi cookie rimarranno quindi memorizzate sul dispositivo utilizzato per la navigazione anche dopo la chiusura del browser.<\/span><\/p><p><span style=\"color: #000000;\">SE HAI DOMANDE<\/span><\/p><p><span style=\"color: #000000;\">Posta a info@sunny-day-life.com o telefonicamente al numero 0039-3534543391<\/span><\/p><p><span style=\"color: #000000;\">Ultimo aggiornamento il 09.08.24<\/span><\/p>\t\t\t\t\t\t<\/div>\n\t\t\t\t<\/div>\n\t\t\t\t\t<\/div>\n\t\t<\/div>\n\t\t\t\t\t\t\t<\/div>\n\t\t<\/section>\n\t\t\t\t\t\t\t<\/div>","protected":false},"excerpt":{"rendered":"<p>Was sind Cookies? Cookies sind kleine Textdateien, die die von den Benutzern besuchten Websites an ihre Endger\u00e4te (Computer oder andere Mobil- oder Handheld-Ger\u00e4te wie Smartphones oder Tablets) senden, wo sie gespeichert werden, bevor sie bei sp\u00e4teren Besuchen erneut an dieselben Websites \u00fcbertragen werden. Cookies werden f\u00fcr unterschiedliche Zwecke verwendet, haben unterschiedliche Eigenschaften und k\u00f6nnen sowohl [&hellip;]<\/p>","protected":false},"author":1,"featured_media":0,"parent":0,"menu_order":0,"comment_status":"closed","ping_status":"closed","template":"","meta":{"footnotes":""},"class_list":["post-788","page","type-page","status-publish","hentry"],"yoast_head":"<!-- This site is optimized with the Yoast SEO plugin v20.4 - https:\/\/yoast.com\/wordpress\/plugins\/seo\/ -->\n<title>sunny-day-life.com<\/title>\n<meta name=\"description\" content=\"descrizione uso cookies\" \/>\n<meta name=\"robots\" content=\"index, follow, max-snippet:-1, max-image-preview:large, max-video-preview:-1\" \/>\n<link rel=\"canonical\" href=\"https:\/\/www.sunny-day-life.com\/it\/cookies\/\" \/>\n<meta property=\"og:locale\" content=\"en_US\" \/>\n<meta property=\"og:type\" content=\"article\" \/>\n<meta property=\"og:title\" content=\"sunny-day-life.com\" \/>\n<meta property=\"og:description\" content=\"descrizione uso cookies\" \/>\n<meta property=\"og:url\" content=\"https:\/\/www.sunny-day-life.com\/it\/cookies\/\" \/>\n<meta property=\"og:site_name\" content=\"sunny-day-life.com\" \/>\n<meta property=\"article:modified_time\" content=\"2024-08-09T13:31:13+00:00\" \/>\n<meta name=\"twitter:card\" content=\"summary_large_image\" \/>\n<meta name=\"twitter:label1\" content=\"Est. reading time\" \/>\n\t<meta name=\"twitter:data1\" content=\"3 minutes\" \/>\n<script type=\"application\/ld+json\" class=\"yoast-schema-graph\">{\"@context\":\"https:\/\/schema.org\",\"@graph\":[{\"@type\":\"WebPage\",\"@id\":\"https:\/\/www.sunny-day-life.com\/cookies\/\",\"url\":\"https:\/\/www.sunny-day-life.com\/cookies\/\",\"name\":\"sunny-day-life.com\",\"isPartOf\":{\"@id\":\"https:\/\/www.sunny-day-life.com\/#website\"},\"datePublished\":\"2023-03-20T18:39:37+00:00\",\"dateModified\":\"2024-08-09T13:31:13+00:00\",\"description\":\"descrizione uso cookies\",\"breadcrumb\":{\"@id\":\"https:\/\/www.sunny-day-life.com\/cookies\/#breadcrumb\"},\"inLanguage\":\"en-US\",\"potentialAction\":[{\"@type\":\"ReadAction\",\"target\":[\"https:\/\/www.sunny-day-life.com\/cookies\/\"]}]},{\"@type\":\"BreadcrumbList\",\"@id\":\"https:\/\/www.sunny-day-life.com\/cookies\/#breadcrumb\",\"itemListElement\":[{\"@type\":\"ListItem\",\"position\":1,\"name\":\"Home\",\"item\":\"https:\/\/www.sunny-day-life.com\/\"},{\"@type\":\"ListItem\",\"position\":2,\"name\":\"Cookies\"}]},{\"@type\":\"WebSite\",\"@id\":\"https:\/\/www.sunny-day-life.com\/#website\",\"url\":\"https:\/\/www.sunny-day-life.com\/\",\"name\":\"sunny-day-life.com\",\"description\":\"\",\"publisher\":{\"@id\":\"https:\/\/www.sunny-day-life.com\/#organization\"},\"potentialAction\":[{\"@type\":\"SearchAction\",\"target\":{\"@type\":\"EntryPoint\",\"urlTemplate\":\"https:\/\/www.sunny-day-life.com\/?s={search_term_string}\"},\"query-input\":\"required name=search_term_string\"}],\"inLanguage\":\"en-US\"},{\"@type\":\"Organization\",\"@id\":\"https:\/\/www.sunny-day-life.com\/#organization\",\"name\":\"sunny-day-life.com\",\"url\":\"https:\/\/www.sunny-day-life.com\/\",\"logo\":{\"@type\":\"ImageObject\",\"inLanguage\":\"en-US\",\"@id\":\"https:\/\/www.sunny-day-life.com\/#\/schema\/logo\/image\/\",\"url\":\"https:\/\/www.sunny-day-life.com\/wp-content\/uploads\/2024\/08\/cropped-Sunny-Day-Life-logo-transparent-1.jpg\",\"contentUrl\":\"https:\/\/www.sunny-day-life.com\/wp-content\/uploads\/2024\/08\/cropped-Sunny-Day-Life-logo-transparent-1.jpg\",\"width\":314,\"height\":78,\"caption\":\"sunny-day-life.com\"},\"image\":{\"@id\":\"https:\/\/www.sunny-day-life.com\/#\/schema\/logo\/image\/\"}}]}<\/script>\n<!-- \/ Yoast SEO plugin. -->","yoast_head_json":{"title":"sunny-day-life.com","description":"descrizione uso cookies","robots":{"index":"index","follow":"follow","max-snippet":"max-snippet:-1","max-image-preview":"max-image-preview:large","max-video-preview":"max-video-preview:-1"},"canonical":"https:\/\/www.sunny-day-life.com\/it\/cookies\/","og_locale":"en_US","og_type":"article","og_title":"sunny-day-life.com","og_description":"descrizione uso cookies","og_url":"https:\/\/www.sunny-day-life.com\/it\/cookies\/","og_site_name":"sunny-day-life.com","article_modified_time":"2024-08-09T13:31:13+00:00","twitter_card":"summary_large_image","twitter_misc":{"Est. reading time":"3 minutes"},"schema":{"@context":"https:\/\/schema.org","@graph":[{"@type":"WebPage","@id":"https:\/\/www.sunny-day-life.com\/cookies\/","url":"https:\/\/www.sunny-day-life.com\/cookies\/","name":"sunny-day-life.com","isPartOf":{"@id":"https:\/\/www.sunny-day-life.com\/#website"},"datePublished":"2023-03-20T18:39:37+00:00","dateModified":"2024-08-09T13:31:13+00:00","description":"descrizione uso cookies","breadcrumb":{"@id":"https:\/\/www.sunny-day-life.com\/cookies\/#breadcrumb"},"inLanguage":"en-US","potentialAction":[{"@type":"ReadAction","target":["https:\/\/www.sunny-day-life.com\/cookies\/"]}]},{"@type":"BreadcrumbList","@id":"https:\/\/www.sunny-day-life.com\/cookies\/#breadcrumb","itemListElement":[{"@type":"ListItem","position":1,"name":"Home","item":"https:\/\/www.sunny-day-life.com\/"},{"@type":"ListItem","position":2,"name":"Cookies"}]},{"@type":"WebSite","@id":"https:\/\/www.sunny-day-life.com\/#website","url":"https:\/\/www.sunny-day-life.com\/","name":"sunny-day-life.com","description":"","publisher":{"@id":"https:\/\/www.sunny-day-life.com\/#organization"},"potentialAction":[{"@type":"SearchAction","target":{"@type":"EntryPoint","urlTemplate":"https:\/\/www.sunny-day-life.com\/?s={search_term_string}"},"query-input":"required name=search_term_string"}],"inLanguage":"en-US"},{"@type":"Organization","@id":"https:\/\/www.sunny-day-life.com\/#organization","name":"sunny-day-life.com","url":"https:\/\/www.sunny-day-life.com\/","logo":{"@type":"ImageObject","inLanguage":"en-US","@id":"https:\/\/www.sunny-day-life.com\/#\/schema\/logo\/image\/","url":"https:\/\/www.sunny-day-life.com\/wp-content\/uploads\/2024\/08\/cropped-Sunny-Day-Life-logo-transparent-1.jpg","contentUrl":"https:\/\/www.sunny-day-life.com\/wp-content\/uploads\/2024\/08\/cropped-Sunny-Day-Life-logo-transparent-1.jpg","width":314,"height":78,"caption":"sunny-day-life.com"},"image":{"@id":"https:\/\/www.sunny-day-life.com\/#\/schema\/logo\/image\/"}}]}},"_links":{"self":[{"href":"https:\/\/www.sunny-day-life.com\/it\/wp-json\/wp\/v2\/pages\/788","targetHints":{"allow":["GET"]}}],"collection":[{"href":"https:\/\/www.sunny-day-life.com\/it\/wp-json\/wp\/v2\/pages"}],"about":[{"href":"https:\/\/www.sunny-day-life.com\/it\/wp-json\/wp\/v2\/types\/page"}],"author":[{"embeddable":true,"href":"https:\/\/www.sunny-day-life.com\/it\/wp-json\/wp\/v2\/users\/1"}],"replies":[{"embeddable":true,"href":"https:\/\/www.sunny-day-life.com\/it\/wp-json\/wp\/v2\/comments?post=788"}],"version-history":[{"count":24,"href":"https:\/\/www.sunny-day-life.com\/it\/wp-json\/wp\/v2\/pages\/788\/revisions"}],"predecessor-version":[{"id":2536,"href":"https:\/\/www.sunny-day-life.com\/it\/wp-json\/wp\/v2\/pages\/788\/revisions\/2536"}],"wp:attachment":[{"href":"https:\/\/www.sunny-day-life.com\/it\/wp-json\/wp\/v2\/media?parent=788"}],"curies":[{"name":"wp","href":"https:\/\/api.w.org\/{rel}","templated":true}]}}