{"id":85,"date":"2024-03-22T21:44:10","date_gmt":"2024-03-22T20:44:10","guid":{"rendered":"https:\/\/www.deutsch-sprechen.com\/home\/"},"modified":"2024-08-09T22:35:05","modified_gmt":"2024-08-09T20:35:05","slug":"home","status":"publish","type":"page","link":"https:\/\/www.sunny-day-life.com\/it\/","title":{"rendered":"Home"},"content":{"rendered":"<div data-elementor-type=\"wp-page\" data-elementor-id=\"85\" class=\"elementor elementor-85\">\n\t\t\t\t\t\t\t\t\t<section class=\"elementor-section elementor-top-section elementor-element elementor-element-a5d32af elementor-section-full_width elementor-section-height-default elementor-section-height-default\" data-id=\"a5d32af\" data-element_type=\"section\">\n\t\t\t\t\t\t<div class=\"elementor-container elementor-column-gap-default\">\n\t\t\t\t\t<div class=\"elementor-column elementor-col-100 elementor-top-column elementor-element elementor-element-ff43c08\" data-id=\"ff43c08\" data-element_type=\"column\">\n\t\t\t<div class=\"elementor-widget-wrap elementor-element-populated\">\n\t\t\t\t\t\t\t\t<div class=\"elementor-element elementor-element-31b4c88 elementor-widget elementor-widget-image\" data-id=\"31b4c88\" data-element_type=\"widget\" data-widget_type=\"image.default\">\n\t\t\t\t<div class=\"elementor-widget-container\">\n\t\t\t<style>\/*! elementor - v3.7.7 - 20-09-2022 *\/\n.elementor-widget-image{text-align:center}.elementor-widget-image a{display:inline-block}.elementor-widget-image a img[src$=\".svg\"]{width:48px}.elementor-widget-image img{vertical-align:middle;display:inline-block}<\/style>\t\t\t\t\t\t\t\t\t\t\t\t<img loading=\"lazy\" decoding=\"async\" width=\"1280\" height=\"813\" src=\"https:\/\/www.sunny-day-life.com\/wp-content\/uploads\/2024\/03\/blonde-826027_1280.jpg\" class=\"attachment-full size-full\" alt=\"\" srcset=\"https:\/\/www.sunny-day-life.com\/wp-content\/uploads\/2024\/03\/blonde-826027_1280.jpg 1280w, https:\/\/www.sunny-day-life.com\/wp-content\/uploads\/2024\/03\/blonde-826027_1280-300x191.jpg 300w, https:\/\/www.sunny-day-life.com\/wp-content\/uploads\/2024\/03\/blonde-826027_1280-1024x650.jpg 1024w, https:\/\/www.sunny-day-life.com\/wp-content\/uploads\/2024\/03\/blonde-826027_1280-768x488.jpg 768w, https:\/\/www.sunny-day-life.com\/wp-content\/uploads\/2024\/03\/blonde-826027_1280-18x12.jpg 18w, https:\/\/www.sunny-day-life.com\/wp-content\/uploads\/2024\/03\/blonde-826027_1280-600x381.jpg 600w\" sizes=\"auto, (max-width: 1280px) 100vw, 1280px\" \/>\t\t\t\t\t\t\t\t\t\t\t\t\t\t\t<\/div>\n\t\t\t\t<\/div>\n\t\t\t\t\t<\/div>\n\t\t<\/div>\n\t\t\t\t\t\t\t<\/div>\n\t\t<\/section>\n\t\t\t\t<section class=\"elementor-section elementor-top-section elementor-element elementor-element-df54a01 elementor-section-boxed elementor-section-height-default elementor-section-height-default\" data-id=\"df54a01\" data-element_type=\"section\">\n\t\t\t\t\t\t<div class=\"elementor-container elementor-column-gap-default\">\n\t\t\t\t\t<div class=\"elementor-column elementor-col-100 elementor-top-column elementor-element elementor-element-a991bc0\" data-id=\"a991bc0\" data-element_type=\"column\">\n\t\t\t<div class=\"elementor-widget-wrap elementor-element-populated\">\n\t\t\t\t\t\t\t\t<div class=\"elementor-element elementor-element-99f38e6 elementor-widget elementor-widget-spacer\" data-id=\"99f38e6\" data-element_type=\"widget\" data-widget_type=\"spacer.default\">\n\t\t\t\t<div class=\"elementor-widget-container\">\n\t\t\t<style>\/*! elementor - v3.7.7 - 20-09-2022 *\/\n.elementor-column .elementor-spacer-inner{height:var(--spacer-size)}.e-container{--container-widget-width:100%}.e-container>.elementor-widget-spacer{width:var(--container-widget-width,var(--spacer-size));-ms-flex-item-align:stretch;align-self:stretch;-ms-flex-negative:0;flex-shrink:0}.e-container>.elementor-widget-spacer>.elementor-widget-container,.e-container>.elementor-widget-spacer>.elementor-widget-container>.elementor-spacer{height:100%}.e-container>.elementor-widget-spacer>.elementor-widget-container>.elementor-spacer>.elementor-spacer-inner{height:var(--container-widget-height,var(--spacer-size))}<\/style>\t\t<div class=\"elementor-spacer\">\n\t\t\t<div class=\"elementor-spacer-inner\"><\/div>\n\t\t<\/div>\n\t\t\t\t<\/div>\n\t\t\t\t<\/div>\n\t\t\t\t\t<\/div>\n\t\t<\/div>\n\t\t\t\t\t\t\t<\/div>\n\t\t<\/section>\n\t\t\t\t<section class=\"elementor-section elementor-top-section elementor-element elementor-element-912095f elementor-section-boxed elementor-section-height-default elementor-section-height-default\" data-id=\"912095f\" data-element_type=\"section\">\n\t\t\t\t\t\t<div class=\"elementor-container elementor-column-gap-default\">\n\t\t\t\t\t<div class=\"elementor-column elementor-col-100 elementor-top-column elementor-element elementor-element-224181e\" data-id=\"224181e\" data-element_type=\"column\">\n\t\t\t<div class=\"elementor-widget-wrap elementor-element-populated\">\n\t\t\t\t\t\t\t\t<div class=\"elementor-element elementor-element-bd1ff02 elementor-widget elementor-widget-text-editor\" data-id=\"bd1ff02\" data-element_type=\"widget\" data-widget_type=\"text-editor.default\">\n\t\t\t\t<div class=\"elementor-widget-container\">\n\t\t\t<style>\/*! elementor - v3.7.7 - 20-09-2022 *\/\n.elementor-widget-text-editor.elementor-drop-cap-view-stacked .elementor-drop-cap{background-color:#818a91;color:#fff}.elementor-widget-text-editor.elementor-drop-cap-view-framed .elementor-drop-cap{color:#818a91;border:3px solid;background-color:transparent}.elementor-widget-text-editor:not(.elementor-drop-cap-view-default) .elementor-drop-cap{margin-top:8px}.elementor-widget-text-editor:not(.elementor-drop-cap-view-default) .elementor-drop-cap-letter{width:1em;height:1em}.elementor-widget-text-editor .elementor-drop-cap{float:left;text-align:center;line-height:1;font-size:50px}.elementor-widget-text-editor .elementor-drop-cap-letter{display:inline-block}<\/style>\t\t\t\t<p style=\"text-align: center;\">\u201cCREA LA PI\u00d9 GRANDE VISIONE PER LA TUA VITA PERCH\u00c9 DIVENTI CI\u00d2 CHE CREDI\u201d<\/p><p style=\"text-align: center;\">OPRAH WINFREY<\/p>\t\t\t\t\t\t<\/div>\n\t\t\t\t<\/div>\n\t\t\t\t\t<\/div>\n\t\t<\/div>\n\t\t\t\t\t\t\t<\/div>\n\t\t<\/section>\n\t\t\t\t<section class=\"elementor-section elementor-top-section elementor-element elementor-element-0abb800 elementor-section-boxed elementor-section-height-default elementor-section-height-default\" data-id=\"0abb800\" data-element_type=\"section\">\n\t\t\t\t\t\t<div class=\"elementor-container elementor-column-gap-default\">\n\t\t\t\t\t<div class=\"elementor-column elementor-col-100 elementor-top-column elementor-element elementor-element-fe3cc3b\" data-id=\"fe3cc3b\" data-element_type=\"column\">\n\t\t\t<div class=\"elementor-widget-wrap elementor-element-populated\">\n\t\t\t\t\t\t\t\t<div class=\"elementor-element elementor-element-62c2e24 elementor-widget elementor-widget-spacer\" data-id=\"62c2e24\" data-element_type=\"widget\" data-widget_type=\"spacer.default\">\n\t\t\t\t<div class=\"elementor-widget-container\">\n\t\t\t\t\t<div class=\"elementor-spacer\">\n\t\t\t<div class=\"elementor-spacer-inner\"><\/div>\n\t\t<\/div>\n\t\t\t\t<\/div>\n\t\t\t\t<\/div>\n\t\t\t\t<div class=\"elementor-element elementor-element-045e74c elementor-widget elementor-widget-image\" data-id=\"045e74c\" data-element_type=\"widget\" data-widget_type=\"image.default\">\n\t\t\t\t<div class=\"elementor-widget-container\">\n\t\t\t\t\t\t\t\t\t\t\t\t\t\t\t<img loading=\"lazy\" decoding=\"async\" width=\"314\" height=\"78\" src=\"https:\/\/www.sunny-day-life.com\/wp-content\/uploads\/2024\/08\/Sunny-Day-Life-logo-transparent.jpg\" class=\"attachment-large size-large\" alt=\"\" srcset=\"https:\/\/www.sunny-day-life.com\/wp-content\/uploads\/2024\/08\/Sunny-Day-Life-logo-transparent.jpg 314w, https:\/\/www.sunny-day-life.com\/wp-content\/uploads\/2024\/08\/Sunny-Day-Life-logo-transparent-300x75.jpg 300w, https:\/\/www.sunny-day-life.com\/wp-content\/uploads\/2024\/08\/Sunny-Day-Life-logo-transparent-18x4.jpg 18w\" sizes=\"auto, (max-width: 314px) 100vw, 314px\" \/>\t\t\t\t\t\t\t\t\t\t\t\t\t\t\t<\/div>\n\t\t\t\t<\/div>\n\t\t\t\t\t<\/div>\n\t\t<\/div>\n\t\t\t\t\t\t\t<\/div>\n\t\t<\/section>\n\t\t\t\t<section class=\"elementor-section elementor-top-section elementor-element elementor-element-326b414 elementor-section-boxed elementor-section-height-default elementor-section-height-default\" data-id=\"326b414\" data-element_type=\"section\">\n\t\t\t\t\t\t<div class=\"elementor-container elementor-column-gap-default\">\n\t\t\t\t\t<div class=\"elementor-column elementor-col-100 elementor-top-column elementor-element elementor-element-3b95f76\" data-id=\"3b95f76\" data-element_type=\"column\">\n\t\t\t<div class=\"elementor-widget-wrap elementor-element-populated\">\n\t\t\t\t\t\t\t\t<div class=\"elementor-element elementor-element-fc62f0b elementor-widget elementor-widget-text-editor\" data-id=\"fc62f0b\" data-element_type=\"widget\" data-widget_type=\"text-editor.default\">\n\t\t\t\t<div class=\"elementor-widget-container\">\n\t\t\t\t\t\t\t<p style=\"text-align: center;\"><span style=\"color: #ff0000;\"><strong>Spiritual Life Coaching &amp; Mindfulness<\/strong><\/span><\/p><p style=\"text-align: center;\"><span style=\"color: #ff0000;\"><strong>Letture per le vacanze estive con l'oracolo degli animali spirituali<\/strong><\/span><\/p><p style=\"text-align: center;\"><span style=\"color: #ff0000;\"><strong>Super prezzo solo durante le ferie 15 EUR\/lettura<\/strong><\/span><\/p><p style=\"text-align: center;\"><span style=\"color: #ff0000;\"><strong>l'universo ti parla<\/strong><\/span><\/p>\t\t\t\t\t\t<\/div>\n\t\t\t\t<\/div>\n\t\t\t\t\t<\/div>\n\t\t<\/div>\n\t\t\t\t\t\t\t<\/div>\n\t\t<\/section>\n\t\t\t\t<section class=\"elementor-section elementor-top-section elementor-element elementor-element-0ba6381 elementor-section-boxed elementor-section-height-default elementor-section-height-default\" data-id=\"0ba6381\" data-element_type=\"section\">\n\t\t\t\t\t\t<div class=\"elementor-container elementor-column-gap-default\">\n\t\t\t\t\t<div class=\"elementor-column elementor-col-100 elementor-top-column elementor-element elementor-element-7b984e5\" data-id=\"7b984e5\" data-element_type=\"column\">\n\t\t\t<div class=\"elementor-widget-wrap elementor-element-populated\">\n\t\t\t\t\t\t\t\t<div class=\"elementor-element elementor-element-c188cc5 elementor-widget elementor-widget-spacer\" data-id=\"c188cc5\" data-element_type=\"widget\" data-widget_type=\"spacer.default\">\n\t\t\t\t<div class=\"elementor-widget-container\">\n\t\t\t\t\t<div class=\"elementor-spacer\">\n\t\t\t<div class=\"elementor-spacer-inner\"><\/div>\n\t\t<\/div>\n\t\t\t\t<\/div>\n\t\t\t\t<\/div>\n\t\t\t\t\t<\/div>\n\t\t<\/div>\n\t\t\t\t\t\t\t<\/div>\n\t\t<\/section>\n\t\t\t\t<section class=\"elementor-section elementor-top-section elementor-element elementor-element-e372c2c elementor-section-boxed elementor-section-height-default elementor-section-height-default\" data-id=\"e372c2c\" data-element_type=\"section\">\n\t\t\t\t\t\t<div class=\"elementor-container elementor-column-gap-default\">\n\t\t\t\t\t<div class=\"elementor-column elementor-col-100 elementor-top-column elementor-element elementor-element-a985be4\" data-id=\"a985be4\" data-element_type=\"column\">\n\t\t\t<div class=\"elementor-widget-wrap elementor-element-populated\">\n\t\t\t\t\t\t\t\t<div class=\"elementor-element elementor-element-94d9cb3 elementor-widget elementor-widget-image\" data-id=\"94d9cb3\" data-element_type=\"widget\" data-widget_type=\"image.default\">\n\t\t\t\t<div class=\"elementor-widget-container\">\n\t\t\t\t\t\t\t\t\t\t\t\t\t\t\t<img loading=\"lazy\" decoding=\"async\" width=\"1280\" height=\"853\" src=\"https:\/\/www.sunny-day-life.com\/wp-content\/uploads\/2024\/03\/people-2567915_1280.jpg\" class=\"attachment-full size-full\" alt=\"\" srcset=\"https:\/\/www.sunny-day-life.com\/wp-content\/uploads\/2024\/03\/people-2567915_1280.jpg 1280w, https:\/\/www.sunny-day-life.com\/wp-content\/uploads\/2024\/03\/people-2567915_1280-300x200.jpg 300w, https:\/\/www.sunny-day-life.com\/wp-content\/uploads\/2024\/03\/people-2567915_1280-1024x682.jpg 1024w, https:\/\/www.sunny-day-life.com\/wp-content\/uploads\/2024\/03\/people-2567915_1280-768x512.jpg 768w, https:\/\/www.sunny-day-life.com\/wp-content\/uploads\/2024\/03\/people-2567915_1280-18x12.jpg 18w, https:\/\/www.sunny-day-life.com\/wp-content\/uploads\/2024\/03\/people-2567915_1280-600x400.jpg 600w\" sizes=\"auto, (max-width: 1280px) 100vw, 1280px\" \/>\t\t\t\t\t\t\t\t\t\t\t\t\t\t\t<\/div>\n\t\t\t\t<\/div>\n\t\t\t\t\t<\/div>\n\t\t<\/div>\n\t\t\t\t\t\t\t<\/div>\n\t\t<\/section>\n\t\t\t\t<section class=\"elementor-section elementor-top-section elementor-element elementor-element-a802f47 elementor-section-boxed elementor-section-height-default elementor-section-height-default\" data-id=\"a802f47\" data-element_type=\"section\">\n\t\t\t\t\t\t<div class=\"elementor-container elementor-column-gap-default\">\n\t\t\t\t\t<div class=\"elementor-column elementor-col-100 elementor-top-column elementor-element elementor-element-3abffa7\" data-id=\"3abffa7\" data-element_type=\"column\">\n\t\t\t<div class=\"elementor-widget-wrap elementor-element-populated\">\n\t\t\t\t\t\t\t\t<div class=\"elementor-element elementor-element-d306e81 elementor-widget elementor-widget-spacer\" data-id=\"d306e81\" data-element_type=\"widget\" data-widget_type=\"spacer.default\">\n\t\t\t\t<div class=\"elementor-widget-container\">\n\t\t\t\t\t<div class=\"elementor-spacer\">\n\t\t\t<div class=\"elementor-spacer-inner\"><\/div>\n\t\t<\/div>\n\t\t\t\t<\/div>\n\t\t\t\t<\/div>\n\t\t\t\t\t<\/div>\n\t\t<\/div>\n\t\t\t\t\t\t\t<\/div>\n\t\t<\/section>\n\t\t\t\t<section class=\"elementor-section elementor-top-section elementor-element elementor-element-ac67713 elementor-section-boxed elementor-section-height-default elementor-section-height-default\" data-id=\"ac67713\" data-element_type=\"section\">\n\t\t\t\t\t\t<div class=\"elementor-container elementor-column-gap-default\">\n\t\t\t\t\t<div class=\"elementor-column elementor-col-25 elementor-top-column elementor-element elementor-element-3ac2efd\" data-id=\"3ac2efd\" data-element_type=\"column\">\n\t\t\t<div class=\"elementor-widget-wrap elementor-element-populated\">\n\t\t\t\t\t\t\t\t<div class=\"elementor-element elementor-element-d72b668 elementor-align-center elementor-widget elementor-widget-button\" data-id=\"d72b668\" data-element_type=\"widget\" data-widget_type=\"button.default\">\n\t\t\t\t<div class=\"elementor-widget-container\">\n\t\t\t\t\t<div class=\"elementor-button-wrapper\">\n\t\t\t<a href=\"https:\/\/www.sunny-day-life.com\/it\/spiritual-life-coaching\/\" class=\"elementor-button-link elementor-button elementor-size-sm\" role=\"button\">\n\t\t\t\t\t\t<span class=\"elementor-button-content-wrapper\">\n\t\t\t\t\t\t<span class=\"elementor-button-text\">SPIRITUAL LIFE COACHING<\/span>\n\t\t<\/span>\n\t\t\t\t\t<\/a>\n\t\t<\/div>\n\t\t\t\t<\/div>\n\t\t\t\t<\/div>\n\t\t\t\t\t<\/div>\n\t\t<\/div>\n\t\t\t\t<div class=\"elementor-column elementor-col-25 elementor-top-column elementor-element elementor-element-fa62fde\" data-id=\"fa62fde\" data-element_type=\"column\">\n\t\t\t<div class=\"elementor-widget-wrap elementor-element-populated\">\n\t\t\t\t\t\t\t\t<div class=\"elementor-element elementor-element-744bb22 elementor-align-center elementor-widget elementor-widget-button\" data-id=\"744bb22\" data-element_type=\"widget\" data-widget_type=\"button.default\">\n\t\t\t\t<div class=\"elementor-widget-container\">\n\t\t\t\t\t<div class=\"elementor-button-wrapper\">\n\t\t\t<a href=\"https:\/\/www.sunny-day-life.com\/it\/techniken-und-tools\/\" class=\"elementor-button-link elementor-button elementor-size-md\" role=\"button\">\n\t\t\t\t\t\t<span class=\"elementor-button-content-wrapper\">\n\t\t\t\t\t\t<span class=\"elementor-button-text\">COSA E COME<\/span>\n\t\t<\/span>\n\t\t\t\t\t<\/a>\n\t\t<\/div>\n\t\t\t\t<\/div>\n\t\t\t\t<\/div>\n\t\t\t\t\t<\/div>\n\t\t<\/div>\n\t\t\t\t<div class=\"elementor-column elementor-col-25 elementor-top-column elementor-element elementor-element-8db8cf7\" data-id=\"8db8cf7\" data-element_type=\"column\">\n\t\t\t<div class=\"elementor-widget-wrap elementor-element-populated\">\n\t\t\t\t\t\t\t\t<div class=\"elementor-element elementor-element-0017dc1 elementor-align-center elementor-widget elementor-widget-button\" data-id=\"0017dc1\" data-element_type=\"widget\" data-widget_type=\"button.default\">\n\t\t\t\t<div class=\"elementor-widget-container\">\n\t\t\t\t\t<div class=\"elementor-button-wrapper\">\n\t\t\t<a href=\"https:\/\/www.sunny-day-life.com\/it\/info-und-kosten\/\" class=\"elementor-button-link elementor-button elementor-size-sm\" role=\"button\">\n\t\t\t\t\t\t<span class=\"elementor-button-content-wrapper\">\n\t\t\t\t\t\t<span class=\"elementor-button-text\">INFO E COSTI<\/span>\n\t\t<\/span>\n\t\t\t\t\t<\/a>\n\t\t<\/div>\n\t\t\t\t<\/div>\n\t\t\t\t<\/div>\n\t\t\t\t\t<\/div>\n\t\t<\/div>\n\t\t\t\t<div class=\"elementor-column elementor-col-25 elementor-top-column elementor-element elementor-element-5af5bbd\" data-id=\"5af5bbd\" data-element_type=\"column\">\n\t\t\t<div class=\"elementor-widget-wrap elementor-element-populated\">\n\t\t\t\t\t\t\t\t<div class=\"elementor-element elementor-element-657188b elementor-align-center elementor-widget elementor-widget-button\" data-id=\"657188b\" data-element_type=\"widget\" data-widget_type=\"button.default\">\n\t\t\t\t<div class=\"elementor-widget-container\">\n\t\t\t\t\t<div class=\"elementor-button-wrapper\">\n\t\t\t<a href=\"https:\/\/www.sunny-day-life.com\/it\/ueber-mich\/\" class=\"elementor-button-link elementor-button elementor-size-sm\" role=\"button\">\n\t\t\t\t\t\t<span class=\"elementor-button-content-wrapper\">\n\t\t\t\t\t\t<span class=\"elementor-button-text\">SU DI ME<\/span>\n\t\t<\/span>\n\t\t\t\t\t<\/a>\n\t\t<\/div>\n\t\t\t\t<\/div>\n\t\t\t\t<\/div>\n\t\t\t\t\t<\/div>\n\t\t<\/div>\n\t\t\t\t\t\t\t<\/div>\n\t\t<\/section>\n\t\t\t\t<section class=\"elementor-section elementor-top-section elementor-element elementor-element-2bd3c09 elementor-section-boxed elementor-section-height-default elementor-section-height-default\" data-id=\"2bd3c09\" data-element_type=\"section\">\n\t\t\t\t\t\t<div class=\"elementor-container elementor-column-gap-default\">\n\t\t\t\t\t<div class=\"elementor-column elementor-col-100 elementor-top-column elementor-element elementor-element-ed2d337\" data-id=\"ed2d337\" data-element_type=\"column\">\n\t\t\t<div class=\"elementor-widget-wrap elementor-element-populated\">\n\t\t\t\t\t\t\t\t<div class=\"elementor-element elementor-element-fecbc84 elementor-widget elementor-widget-spacer\" data-id=\"fecbc84\" data-element_type=\"widget\" data-widget_type=\"spacer.default\">\n\t\t\t\t<div class=\"elementor-widget-container\">\n\t\t\t\t\t<div class=\"elementor-spacer\">\n\t\t\t<div class=\"elementor-spacer-inner\"><\/div>\n\t\t<\/div>\n\t\t\t\t<\/div>\n\t\t\t\t<\/div>\n\t\t\t\t\t<\/div>\n\t\t<\/div>\n\t\t\t\t\t\t\t<\/div>\n\t\t<\/section>\n\t\t\t\t\t\t\t<\/div>","protected":false},"excerpt":{"rendered":"<p>&#8220;KREIRE DIE GROESSTE VISION FUER DEIN LEBEN, DENN DU WIRST DAS, WAS DU GLAUBST&#8221; OPRAH WINFREY Spiritual Life Coaching &amp; Mindfulness Sommerferien-Lesungen mit dem Krafttier-Orakel Superpreis nur in den Ferien 15 EUR\/Lesung Das Universum spricht zu dir SPIRITUAL LIFE COACHING TECHNIKEN UND TOOLS INFO UND KOSTEN UEBER MICH<\/p>","protected":false},"author":1,"featured_media":1289,"parent":0,"menu_order":0,"comment_status":"closed","ping_status":"closed","template":"elementor_header_footer","meta":{"footnotes":""},"class_list":["post-85","page","type-page","status-publish","has-post-thumbnail","hentry"],"yoast_head":"<!-- This site is optimized with the Yoast SEO plugin v20.4 - https:\/\/yoast.com\/wordpress\/plugins\/seo\/ -->\n<title>sunny-day-life.com<\/title>\n<meta name=\"description\" content=\"Corsi di conversazione in tedesco, corsi su misura in tedesco, corsi di conversazione in tedesco per alunni, studenti, dipendenti e tutti\" \/>\n<meta name=\"robots\" content=\"index, follow, max-snippet:-1, max-image-preview:large, max-video-preview:-1\" \/>\n<link rel=\"canonical\" href=\"https:\/\/www.sunny-day-life.com\/it\/\" \/>\n<meta property=\"og:locale\" content=\"en_US\" \/>\n<meta property=\"og:type\" content=\"article\" \/>\n<meta property=\"og:title\" content=\"sunny-day-life.com\" \/>\n<meta property=\"og:description\" content=\"Corsi di conversazione in tedesco, corsi su misura in tedesco, corsi di conversazione in tedesco per alunni, studenti, dipendenti e tutti\" \/>\n<meta property=\"og:url\" content=\"https:\/\/www.sunny-day-life.com\/it\/\" \/>\n<meta property=\"og:site_name\" content=\"sunny-day-life.com\" \/>\n<meta property=\"article:modified_time\" content=\"2024-08-09T20:35:05+00:00\" \/>\n<meta property=\"og:image\" content=\"https:\/\/www.sunny-day-life.com\/wp-content\/uploads\/2024\/03\/earth-1756274_1280.jpg\" \/>\n\t<meta property=\"og:image:width\" content=\"1280\" \/>\n\t<meta property=\"og:image:height\" content=\"640\" \/>\n\t<meta property=\"og:image:type\" content=\"image\/jpeg\" \/>\n<meta name=\"twitter:card\" content=\"summary_large_image\" \/>\n<meta name=\"twitter:label1\" content=\"Est. reading time\" \/>\n\t<meta name=\"twitter:data1\" content=\"1 minute\" \/>\n<script type=\"application\/ld+json\" class=\"yoast-schema-graph\">{\"@context\":\"https:\/\/schema.org\",\"@graph\":[{\"@type\":\"WebPage\",\"@id\":\"https:\/\/www.sunny-day-life.com\/\",\"url\":\"https:\/\/www.sunny-day-life.com\/\",\"name\":\"sunny-day-life.com\",\"isPartOf\":{\"@id\":\"https:\/\/www.sunny-day-life.com\/#website\"},\"datePublished\":\"2024-03-22T20:44:10+00:00\",\"dateModified\":\"2024-08-09T20:35:05+00:00\",\"description\":\"Corsi di conversazione in tedesco, corsi su misura in tedesco, corsi di conversazione in tedesco per alunni, studenti, dipendenti e tutti\",\"breadcrumb\":{\"@id\":\"https:\/\/www.sunny-day-life.com\/#breadcrumb\"},\"inLanguage\":\"en-US\",\"potentialAction\":[{\"@type\":\"ReadAction\",\"target\":[\"https:\/\/www.sunny-day-life.com\/\"]}]},{\"@type\":\"BreadcrumbList\",\"@id\":\"https:\/\/www.sunny-day-life.com\/#breadcrumb\",\"itemListElement\":[{\"@type\":\"ListItem\",\"position\":1,\"name\":\"Home\",\"item\":\"https:\/\/www.sunny-day-life.com\/\"},{\"@type\":\"ListItem\",\"position\":2,\"name\":\"Home\"}]},{\"@type\":\"WebSite\",\"@id\":\"https:\/\/www.sunny-day-life.com\/#website\",\"url\":\"https:\/\/www.sunny-day-life.com\/\",\"name\":\"sunny-day-life.com\",\"description\":\"\",\"publisher\":{\"@id\":\"https:\/\/www.sunny-day-life.com\/#organization\"},\"potentialAction\":[{\"@type\":\"SearchAction\",\"target\":{\"@type\":\"EntryPoint\",\"urlTemplate\":\"https:\/\/www.sunny-day-life.com\/?s={search_term_string}\"},\"query-input\":\"required name=search_term_string\"}],\"inLanguage\":\"en-US\"},{\"@type\":\"Organization\",\"@id\":\"https:\/\/www.sunny-day-life.com\/#organization\",\"name\":\"sunny-day-life.com\",\"url\":\"https:\/\/www.sunny-day-life.com\/\",\"logo\":{\"@type\":\"ImageObject\",\"inLanguage\":\"en-US\",\"@id\":\"https:\/\/www.sunny-day-life.com\/#\/schema\/logo\/image\/\",\"url\":\"https:\/\/www.sunny-day-life.com\/wp-content\/uploads\/2024\/08\/cropped-Sunny-Day-Life-logo-transparent-1.jpg\",\"contentUrl\":\"https:\/\/www.sunny-day-life.com\/wp-content\/uploads\/2024\/08\/cropped-Sunny-Day-Life-logo-transparent-1.jpg\",\"width\":314,\"height\":78,\"caption\":\"sunny-day-life.com\"},\"image\":{\"@id\":\"https:\/\/www.sunny-day-life.com\/#\/schema\/logo\/image\/\"}}]}<\/script>\n<!-- \/ Yoast SEO plugin. -->","yoast_head_json":{"title":"sunny-day-life.com","description":"Corsi di conversazione in tedesco, corsi su misura in tedesco, corsi di conversazione in tedesco per alunni, studenti, dipendenti e tutti","robots":{"index":"index","follow":"follow","max-snippet":"max-snippet:-1","max-image-preview":"max-image-preview:large","max-video-preview":"max-video-preview:-1"},"canonical":"https:\/\/www.sunny-day-life.com\/it\/","og_locale":"en_US","og_type":"article","og_title":"sunny-day-life.com","og_description":"Corsi di conversazione in tedesco, corsi su misura in tedesco, corsi di conversazione in tedesco per alunni, studenti, dipendenti e tutti","og_url":"https:\/\/www.sunny-day-life.com\/it\/","og_site_name":"sunny-day-life.com","article_modified_time":"2024-08-09T20:35:05+00:00","og_image":[{"width":1280,"height":640,"url":"https:\/\/www.sunny-day-life.com\/wp-content\/uploads\/2024\/03\/earth-1756274_1280.jpg","type":"image\/jpeg"}],"twitter_card":"summary_large_image","twitter_misc":{"Est. reading time":"1 minute"},"schema":{"@context":"https:\/\/schema.org","@graph":[{"@type":"WebPage","@id":"https:\/\/www.sunny-day-life.com\/","url":"https:\/\/www.sunny-day-life.com\/","name":"sunny-day-life.com","isPartOf":{"@id":"https:\/\/www.sunny-day-life.com\/#website"},"datePublished":"2024-03-22T20:44:10+00:00","dateModified":"2024-08-09T20:35:05+00:00","description":"Corsi di conversazione in tedesco, corsi su misura in tedesco, corsi di conversazione in tedesco per alunni, studenti, dipendenti e tutti","breadcrumb":{"@id":"https:\/\/www.sunny-day-life.com\/#breadcrumb"},"inLanguage":"en-US","potentialAction":[{"@type":"ReadAction","target":["https:\/\/www.sunny-day-life.com\/"]}]},{"@type":"BreadcrumbList","@id":"https:\/\/www.sunny-day-life.com\/#breadcrumb","itemListElement":[{"@type":"ListItem","position":1,"name":"Home","item":"https:\/\/www.sunny-day-life.com\/"},{"@type":"ListItem","position":2,"name":"Home"}]},{"@type":"WebSite","@id":"https:\/\/www.sunny-day-life.com\/#website","url":"https:\/\/www.sunny-day-life.com\/","name":"sunny-day-life.com","description":"","publisher":{"@id":"https:\/\/www.sunny-day-life.com\/#organization"},"potentialAction":[{"@type":"SearchAction","target":{"@type":"EntryPoint","urlTemplate":"https:\/\/www.sunny-day-life.com\/?s={search_term_string}"},"query-input":"required name=search_term_string"}],"inLanguage":"en-US"},{"@type":"Organization","@id":"https:\/\/www.sunny-day-life.com\/#organization","name":"sunny-day-life.com","url":"https:\/\/www.sunny-day-life.com\/","logo":{"@type":"ImageObject","inLanguage":"en-US","@id":"https:\/\/www.sunny-day-life.com\/#\/schema\/logo\/image\/","url":"https:\/\/www.sunny-day-life.com\/wp-content\/uploads\/2024\/08\/cropped-Sunny-Day-Life-logo-transparent-1.jpg","contentUrl":"https:\/\/www.sunny-day-life.com\/wp-content\/uploads\/2024\/08\/cropped-Sunny-Day-Life-logo-transparent-1.jpg","width":314,"height":78,"caption":"sunny-day-life.com"},"image":{"@id":"https:\/\/www.sunny-day-life.com\/#\/schema\/logo\/image\/"}}]}},"_links":{"self":[{"href":"https:\/\/www.sunny-day-life.com\/it\/wp-json\/wp\/v2\/pages\/85","targetHints":{"allow":["GET"]}}],"collection":[{"href":"https:\/\/www.sunny-day-life.com\/it\/wp-json\/wp\/v2\/pages"}],"about":[{"href":"https:\/\/www.sunny-day-life.com\/it\/wp-json\/wp\/v2\/types\/page"}],"author":[{"embeddable":true,"href":"https:\/\/www.sunny-day-life.com\/it\/wp-json\/wp\/v2\/users\/1"}],"replies":[{"embeddable":true,"href":"https:\/\/www.sunny-day-life.com\/it\/wp-json\/wp\/v2\/comments?post=85"}],"version-history":[{"count":662,"href":"https:\/\/www.sunny-day-life.com\/it\/wp-json\/wp\/v2\/pages\/85\/revisions"}],"predecessor-version":[{"id":2549,"href":"https:\/\/www.sunny-day-life.com\/it\/wp-json\/wp\/v2\/pages\/85\/revisions\/2549"}],"wp:featuredmedia":[{"embeddable":true,"href":"https:\/\/www.sunny-day-life.com\/it\/wp-json\/wp\/v2\/media\/1289"}],"wp:attachment":[{"href":"https:\/\/www.sunny-day-life.com\/it\/wp-json\/wp\/v2\/media?parent=85"}],"curies":[{"name":"wp","href":"https:\/\/api.w.org\/{rel}","templated":true}]}}